{"id":574,"date":"2014-10-30T15:35:29","date_gmt":"2014-10-30T06:35:29","guid":{"rendered":"http:\/\/ause-audio.com\/?page_id=574"},"modified":"2017-11-12T12:05:21","modified_gmt":"2017-11-12T03:05:21","slug":"waterfall-integrated-180","status":"publish","type":"page","link":"https:\/\/ause-audio.com\/?page_id=574","title":{"rendered":"\u5b8c\u58f2\u54c1\u3000WATERFALL Integrated 180"},"content":{"rendered":"<p><span style=\"font-size: 14px; color: #ff0000;\"><img loading=\"lazy\" decoding=\"async\" width=\"600\" height=\"286\" class=\"size-medium wp-image-495 aligncenter\" src=\"http:\/\/ause-audio.com\/wp1\/wp-content\/uploads\/2013\/12\/Integrated_image3.jpg\" alt=\"Integrated_image3\" srcset=\"https:\/\/ause-audio.com\/wp1\/wp-content\/uploads\/2013\/12\/Integrated_image3.jpg 600w, https:\/\/ause-audio.com\/wp1\/wp-content\/uploads\/2013\/12\/Integrated_image3-300x143.jpg 300w\" sizes=\"auto, (max-width: 600px) 100vw, 600px\" \/><\/span><\/p>\n<p><strong>\u30c7\u30b8\u30bf\u30eb\u30d7\u30ea\u30e1\u30a4\u30f3\u30a2\u30f3\u30d7 \/ \u30e1\u30a4\u30f3\u30b9\u30c8\u30ea\u30fc\u30e0\u30e2\u30c7\u30eb<\/strong><br \/>\n<strong>2014\u5e7412\u67081\u65e5\u767a\u58f2 \/ \u5b9a\u4fa1300,000\u5186\uff08\u7a0e\u629c\u304d\uff09\/ <\/strong><strong><a href=\"http:\/\/ause-audio.com\/driver\/CM6631A_20121102.zip\">USB\u30c9\u30e9\u30a4\u30d0\u30c0\u30a6\u30f3\u30ed\u30fc\u30c9\u306f\u3053\u3061\u3089\u304b\u3089<\/a><\/strong><\/p>\n<h5>WATERFALL Integrated 180\u6982\u8981<\/h5>\n<p><span style=\"font-size: 14px;\">\u9022\u702c\u306e\u30e1\u30a4\u30f3\u30b9\u30c8\u30ea\u30fc\u30e0\u30e2\u30c7\u30ebWATERFALL Integrated\u5f8c\u7d99\u3001WATERFALL Integrated 180\u30c7\u30b8\u30bf\u30eb\u30d7\u30ea\u30e1\u30a4\u30f3\u30a2\u30f3\u30d7\u3067\u3059\u3002\u57fa\u672c\u7684\u306a\u4ed5\u69d8\u3001\u5916\u89b3\u306fWATERFALL Integrated\u3068\u540c\u7b49\u3067\u3059\u3002\u6a5f\u80fd\u9762\u3067\u306f\u306a\u304f\u97f3\u8cea\u9762\u3067\u9022\u702c\u306e\u6700\u9ad8\u306e\u6280\u8853\u3092\u60dc\u3057\u307f\u306a\u304f\u6295\u5165\u3057\u305f\u96c6\u5927\u6210\u3068\u3044\u3048\u308b\u30e2\u30c7\u30eb\u3067\u3059\u3002<\/span><\/p>\n<p><span style=\"font-size: 14px;\">\u7279\u5fb4\u306f\u30d1\u30ef\u30fc\u30a2\u30f3\u30d7\u90e8\u306bUcD\u30c6\u30af\u30ce\u30ed\u30b8\u30fc\u306b\u3088\u308b\u6700\u5927180W\u51fa\u529b\u3092\u8a87\u308b\u30d5\u30eb\u30c7\u30a3\u30b9\u30af\u30ea\u30fc\u30c8\u30af\u30e9\u30b9D\u30a2\u30f3\u30d7\u3002\u305d\u308c\u306b\u72ec\u81ea\u6280\u8853\u3067\u9ad8\u97f3\u8cea\u5316\u3057\u305f\u30c7\u30e5\u30a2\u30eb\u30e2\u30ceD\/A\u30b3\u30f3\u30d0\u30fc\u30bf(\u4ee5\u4e0bDAC)\u3092\u7d44\u307f\u5408\u308f\u305b\u305f\u5c0f\u578b\u3001\u8efd\u91cf\u3001\u9ad8\u6a5f\u80fd\u306e\u30d7\u30ea\u30e1\u30a4\u30f3\u30a2\u30f3\u30d7\u3068\u306a\u3063\u3066\u3044\u307e\u3059\u3002<\/span><\/p>\n<p>\u4e3b\u306a\u4ed5\u69d8\u3068\u3057\u3066\u306f\u6b21\u306e\u901a\u308a\u3067\u3059\u3002<\/p>\n<ul>\n<li><span style=\"font-size: 14px;\">\u30c7\u30b8\u30bf\u30eb\u5165\u529b4\u7a2e\u305d\u308c\u305e\u308c1\u7cfb\u7d71\u3001\u30a2\u30ca\u30ed\u30b0\u5165\u529b2\u7cfb\u7d71\u306e\u5408\u8a086\u7cfb\u7d71<\/span><\/li>\n<li><span style=\"font-size: 14px;\">\u30b9\u30c6\u30ec\u30aa\u30b9\u30d4\u30fc\u30ab\u51fa\u529b\u3001\u30d8\u30c3\u30c9\u30d5\u30a9\u30f3\u51fa\u529b\u3001\u30a2\u30ca\u30ed\u30b0\u30e9\u30a4\u30f31\u7cfb\u7d71\u51fa\u529b<\/span><\/li>\n<li><span style=\"font-size: 14px;\">\u30ea\u30e2\u30fc\u30c8\u30b3\u30f3\u30c8\u30ed\u30fc\u30eb\u5bfe\u5fdc\u3001\u4ed8\u5c5e<\/span><\/li>\n<\/ul>\n<p>\u30c7\u30b8\u30bf\u30eb\u5165\u529b\u306fUSB\u63a5\u7d9a\u306f192kHz\/32bit\u307e\u3067\u3001\u540c\u8ef8\u3001AES\u5165\u529b\u306f192kHz\/24bit\u307e\u3067\u3001\u5149\u5165\u529b\u306f96kHz\/24bit\u307e\u3067\u5bfe\u5fdc\u3057\u3066\u3044\u307e\u3059\u3002<\/p>\n<p><img decoding=\"async\" class=\"aligncenter\" src=\"http:\/\/ause-audio.com\/wp1\/wp-content\/uploads\/2013\/12\/Integrated_image1.jpg\" alt=\"\" \/><\/p>\n<p>\u30d1\u30ef\u30fc\u30a2\u30f3\u30d7\u90e8\u306fWATERFALL Compact\u3068\u5168\u304f\u540c\u3058\u3001100W\u4ee5\u4e0a\u306e\u51fa\u529b\u3092\u53ef\u80fd\u3068\u3057\u305f\u9ad8\u7279\u6027\u306eUCD\u30e2\u30b8\u30e5\u30fc\u30eb\u3092\u63a1\u7528\u3002UCD\u306f\u30af\u30e9\u30b9D\u30a2\u30f3\u30d7\u3068\u3057\u3066\u306f\u9a5a\u7570\u7684\u306a\u9ad8\u57df\u7279\u6027\uff08THD+N 0.005\uff05\u300110kHz\u30018\u03a9\u30011W\uff09\u3068\u305d\u3053\u304b\u3089\u751f\u3058\u308b\u30a2\u30ca\u30ed\u30b0\u30a2\u30f3\u30d7\u306e\u3088\u3046\u306a\u9ad8\u57df\u306e\u6ed1\u3089\u304b\u3055\u3092\u6301\u3061\u3001\u3055\u3089\u306b\u30a2\u30ca\u30ed\u30b0\u30a2\u30f3\u30d7\u3068\u306f\u4e00\u7dda\u3092\u753b\u3059\u308b\u30af\u30e9\u30b9D\u3089\u3057\u3044\u4e2d\u4f4e\u57df\u306e\u30af\u30ea\u30a2\u3055\u3001\u3053\u306e2\u3064\u306e\u76f8\u53cd\u3059\u308b\u8981\u7d20\u3092\u4e21\u7acb\u3059\u308b\u985e\u307e\u308c\u306a\u30a2\u30f3\u30d7\u3067\u3059\u3002<\/p>\n<p>\u305d\u3057\u3066WATERFALL Integrated 180\u3067\u7279\u5fb4\u7684\u306a\u306e\u306fDAC\u3068UCD\u30e2\u30b8\u30e5\u30fc\u30eb\u306e\u63a5\u7d9a\u306b\u3064\u3044\u3066\u3001\u5197\u9577\u6027\u3092\u6975\u9650\u307e\u3067\u6392\u9664\u3057\u305f\u6975\u3081\u3066\u30b7\u30f3\u30d7\u30eb\u304b\u3064\u5408\u7406\u7684\u306a\u30d5\u30eb\u30d0\u30e9\u30f3\u30b9\u63a5\u7d9a\u69cb\u6210\u3068\u306a\u3063\u3066\u3044\u308b\u3053\u3068\u3067\u3059\u3002\u3053\u306e\u69cb\u6210\u304c\u7406\u60f3\u306e\u30b5\u30a6\u30f3\u30c9\u30d1\u30d5\u30a9\u30fc\u30de\u30f3\u30b9\u3092\u767a\u63ee\u3057\u307e\u3059\u3002\u307e\u305f\u30b9\u30d4\u30fc\u30ab\u30fc\u51fa\u529b\u3060\u3051\u3067\u306f\u306a\u304f\u5207\u308a\u66ff\u3048\u306b\u3088\u308a\u5185\u8535\u30d8\u30c3\u30c9\u30d5\u30a9\u30f3\u30a2\u30f3\u30d7\u3082UcD\u30e2\u30b8\u30e5\u30fc\u30eb\u304c\u62c5\u5f53\u3057\u307e\u3059\u3002<\/p>\n<p>DAC\u3068I\/V\u306b\u306f\u8ca0\u8377\u3054\u3068\u306b\u6700\u9069\u5316\u3055\u308c\u305f\u9022\u702c\u72ec\u81ea\u306e\u96fb\u6e90\u56de\u8def\u3067\u3042\u308b\u5c02\u7528\u30ec\u30ae\u30e5\u30ec\u30fc\u30bf\u300cRefine Unit\u300d\u30928\u500b\u4f7f\u7528\u3057\u3066\u3044\u307e\u3059\u3002\u5fc5\u8981\u306a\u7cfb\u7d71\u5168\u3066\u306b\u3053\u306e\u300cRefine Unit\u300d\u3092\u4f7f\u7528\u3057\u3001\u3055\u3089\u306b\u96fb\u6e90\u7cfb\u7d71\u3054\u3068\u306b\u5fc5\u8981\u3068\u3055\u308c\u308b\u7279\u6027\u304c\u7570\u306a\u308b\u305f\u3081\u3001\u305d\u306e\u80fd\u529b\u3092\u4f7f\u7528\u5834\u6240\u306b\u3088\u3063\u3066\u6700\u9069\u5316\u3057\u3066\u3044\u307e\u3059\u3002<\/p>\n<p>\u4f7f\u7528\u30d1\u30fc\u30c4\u306b\u3064\u3044\u3066\u3082\u5fc5\u8981\u306a\u5834\u6240\u3078\u5fc5\u8981\u306a\u7269\u3092\u3092\u30b3\u30f3\u30bb\u30d7\u30c8\u306b\u3001\u8033\u306b\u3088\u308b\u5fb9\u5e95\u8a66\u8074\u306b\u3088\u3063\u3066\u9078\u3073\u51fa\u3057\u3066\u3044\u307e\u3059\u3002\u5fc5\u305a\u3057\u3082\u9ad8\u7d1a\u30d1\u30fc\u30c4\uff1d\u9ad8\u97f3\u8cea\u3067\u306f\u306a\u304fWATERFALL Integrated 180\u3067\u306f\u5358\u306a\u308b\u9ad8\u7d1a\u30d1\u30fc\u30c4\u306e\u6295\u5165\u306b\u983c\u308b\u306e\u3067\u306f\u306a\u304f\u3001\u97f3\u8cea\u306b\u5f71\u97ff\u3059\u308b\u90e8\u5206\u306b\u9069\u3057\u305f\u30d1\u30fc\u30c4\u3092\u9078\u5225\u3059\u308b\u3053\u3068\u306b\u3088\u3063\u3066\u9ad8\u3044\u30b3\u30b9\u30c8\u30d1\u30d5\u30a9\u30fc\u30de\u30f3\u30b9\u3092\u5b9f\u73fe\u3057\u3066\u3044\u307e\u3059\u3002<\/p>\n<p>\u4e0a\u8a18\u306e\u3088\u3046\u306a\u5f93\u6765\u306e\u5e38\u8b58\u306b\u3068\u3089\u308f\u308c\u306a\u3044\u5de5\u592b\u306e\u7a4d\u307f\u91cd\u306d\u304c\u4e00\u4f53\u578b\u30d7\u30ea\u30e1\u30a4\u30f3\u30a2\u30f3\u30d7\u3068\u3057\u3066\u6700\u9ad8\u5cf0\u306e\u30b5\u30a6\u30f3\u30c9\u3092\u5b9f\u73fe\u3057\u307e\u3059\u3002<\/p>\n<h5>WATERFALL Integrated 180\u4ed5\u69d8<\/h5>\n<p><img loading=\"lazy\" decoding=\"async\" class=\"aligncenter\" src=\"http:\/\/ause-audio.com\/wp1\/wp-content\/uploads\/2013\/12\/Integrated_frontpanel.jpg\" alt=\"\" width=\"600\" height=\"149\" \/><\/p>\n<p><strong>\u30a2\u30f3\u30d7\u90e8<\/strong><\/p>\n<p style=\"padding-left: 30px;\">\u9023\u7d9a\u6700\u5927\u51fa\u529b : 230W (115+115), 4\u03a9<br \/>\n\u97f3\u5727\u5468\u6ce2\u6570\u7279\u6027 : 20\uff5e50KHz, +0\/-3 dB<br \/>\n\u5168\u9ad8\u8abf\u6ce2\u6b6a\u307f\u7387\uff0b\u30ce\u30a4\u30ba : 0.008%, 20Hz &lt; f &lt; 20kHz Pout = 1W<br \/>\n\u6b8b\u7559\u30ce\u30a4\u30ba : 30uV, un-weighted 20Hz\uff5e20kHz<br \/>\n\u51fa\u529b\u30a4\u30f3\u30d4\u30fc\u30c0\u30f3\u30b9 : 20m\u03a9, f &lt; 1kHz<br \/>\n\u96fb\u529b\u52b9\u7387 : 92% full power<\/p>\n<p style=\"padding-left: 30px;\"><img loading=\"lazy\" decoding=\"async\" class=\"aligncenter\" src=\"http:\/\/ause-audio.com\/wp1\/wp-content\/uploads\/2013\/03\/waterfall_ucdspec1.png\" alt=\"\" width=\"640\" height=\"980\" \/><\/p>\n<p><strong><span style=\"font-size: 14px;\">DAC\u90e8<\/span><\/strong><\/p>\n<p style=\"padding-left: 30px;\">\u30c7\u30e5\u30a2\u30eb\u30e2\u30ceDAC\u69cb\u6210\uff0b\u30ed\u30fc\u30ce\u30a4\u30baI\/V\u5909\u63db<br \/>\n\u5168\u9ad8\u8abf\u6ce2\u6b6a\u307f\u7387\uff0b\u30ce\u30a4\u30ba : \u6700\u59270.0009%\u4ee5\u4e0b 1kHz\u6642<br \/>\n\u30af\u30ed\u30c3\u30af\u30b8\u30c3\u30bf\u30fcRMS : 0.5ps Typ<br \/>\n\uff08\u6c34\u6676\u30af\u30ed\u30c3\u30af\u306b\u540c\u671f\u3059\u308b\u3053\u3068\u3067\u5168\u3066\u306e\u5165\u529b\u30b8\u30c3 \u30bf\u30fc\u3092\u9664\u53bb\uff09<\/p>\n<p style=\"padding-left: 30px;\"><img loading=\"lazy\" decoding=\"async\" class=\"aligncenter\" src=\"http:\/\/ause-audio.com\/wp1\/wp-content\/uploads\/2013\/12\/Integrated_THD.png\" alt=\"\" width=\"640\" height=\"361\" \/><\/p>\n<p style=\"padding-left: 30px; text-align: center;\">THD\u7279\u6027<\/p>\n<p style=\"padding-left: 30px; text-align: center;\"><img decoding=\"async\" src=\"http:\/\/ause-audio.com\/wp1\/wp-content\/uploads\/2013\/12\/Integrated_IMD.png\" alt=\"\" \/><\/p>\n<p style=\"padding-left: 30px; text-align: center;\">IMD\u7279\u6027<\/p>\n<p style=\"padding-left: 30px; text-align: center;\"><img loading=\"lazy\" decoding=\"async\" src=\"http:\/\/ause-audio.com\/wp1\/wp-content\/uploads\/2013\/12\/Integrated_JTEST.png\" alt=\"\" width=\"640\" height=\"361\" \/><\/p>\n<p style=\"padding-left: 30px; text-align: center;\">Jitter\u7279\u6027\uff08J-test\uff09<\/p>\n<p><strong>\u30a2\u30ca\u30ed\u30b0\u5165\u529b<\/strong><\/p>\n<p style=\"padding-left: 30px;\">\u7aef\u5b50 : RCA\u00d7\u30b9\u30c6\u30ec\u30aa2\u7cfb\u7d71<br \/>\n\u5165\u529b\u30a4\u30f3\u30d4\u30fc\u30c0\u30f3\u30b9 : 10k\u03a9<\/p>\n<p><strong>\u30c7\u30b8\u30bf\u30eb\u5165\u529b<\/strong><\/p>\n<p style=\"padding-left: 30px;\">COAXIAL\u7aef\u5b50 : RCA\u00d71\u7cfb\u7d71<br \/>\nOPTICAL\u7aef\u5b50 : \u89d2\u578b\u30b3\u30cd\u30af\u30bf\u00d71\u7cfb\u7d71<br \/>\nUSB\u7aef\u5b50 : USB Type B (USB2.0)\u00d71\u7cfb\u7d71\u3001\u30a2\u30b7\u30f3\u30af\u30ed\u30ca\u30b9\u8ee2\u9001\u3001ASIO\u5bfe\u5fdc<br \/>\nAES\/EBU\u7aef\u5b50 : XLR\u00d71\u7cfb\u7d71<br \/>\n\u5165\u529b\u30b5\u30f3\u30d7\u30ea\u30f3\u30b0\u5468\u6ce2\u6570 : \u6700\u5927192kHz (COAXIAL\u3001AES\/EBU\u3001USB), \u6700\u592796kHz (OPTICAL)<\/p>\n<p style=\"padding-left: 30px;\"><img decoding=\"async\" class=\"aligncenter\" src=\"http:\/\/ause-audio.com\/wp1\/wp-content\/uploads\/2013\/12\/Integrated_backpanel.jpg\" alt=\"\" \/><\/p>\n<p><strong>\u305d\u306e\u4ed6\u306e\u4ed5\u69d8<\/strong><\/p>\n<p style=\"padding-left: 30px;\">\u96fb\u6e90 : 90\uff5e120VAC, 50\/60Hz<br \/>\n\u6d88\u8cbb\u96fb\u529b : \u7d04240W (\u6700\u5927)<br \/>\n\u5bf8\u6cd5 (W\u00d7H\u00d7D) : 340mm\u00d774mm\u00d7290mm (\u811a \u90e8\u542b\u3080)<br \/>\n\u8cea\u91cf : 4kg<\/p>\n<h5><img decoding=\"async\" class=\"aligncenter\" src=\"http:\/\/ause-audio.com\/wp1\/wp-content\/uploads\/2013\/12\/Integrated_inside.jpg\" alt=\"\" \/><\/h5>\n<h5>\u30b9\u30d4\u30fc\u30ab\u306e\u30a4\u30f3\u30d4\u30fc\u30c0\u30f3\u30b9\u5909\u52d5\u306b\u5468\u6ce2\u6570\u7279\u6027\u304c\u5f71\u97ff\u3092\u53d7\u3051\u307e\u305b\u3093<\/h5>\n<p>\u30af\u30e9\u30b9D\u30a2\u30f3\u30d7\u3067\u306f\u9ad8\u5468\u6ce2\u3092\u30ab\u30c3\u30c8\u3059\u308b\u305f\u3081\u306b\u901a\u5e38\u306f\u51fa\u529b\u306b\u30d5\u30a3\u30eb\u30bf\u56de\u8def\u304c\u3042\u308a\u307e\u3059\u304c\u3001\u305d\u308c\u306b\u3088\u3063\u3066\u30b9\u30d4\u30fc\u30ab\u30a4\u30f3\u30d4\u30fc\u30c0\u30f3\u30b9\u306b\u3088\u308b\u5f71\u97ff\u3092\u53d7\u3051\u3001\u5b9f\u969b\u306b\u30b9\u30d4\u30fc\u30ab\u304b\u3089\u51fa\u529b\u3055\u308c\u308b\u5468\u6ce2\u6570\u7279\u6027\u306f\u901a\u5e38\u5927\u304d\u304f\u5909\u52d5\u3057\u3066\u3057\u307e\u3044\u307e\u3059\u3002\u53c2\u8003\u307e\u3067\u306b\u6b21\u306e\u3088\u3046\u306a\u6e2c\u5b9a\u30c7\u30fc\u30bf\u304c\u3042\u308a\u307e\u3059\u3002\u30e1\u30fc\u30ab\u306f\u4f0f\u305b\u307e\u3059\u304c\u30af\u30e9\u30b9D\u30a2\u30f3\u30d7\u306b\u304a\u3044\u3066\u5468\u6ce2\u6570\u304c\u5909\u52d5\u3057\u3066\u3044\u308b\u69d8\u5b50\u304c\u308f\u304b\u308b\u304b\u3068\u601d\u3044\u307e\u3059\u3002\u5de6\u4e0a\u304c\u30a2\u30ca\u30ed\u30b0\u30a2\u30f3\u30d7\u3001\u305d\u308c\u4ee5\u5916\u306f\u5168\u3066\u30af\u30e9\u30b9D\u65b9\u5f0f\u3067\u3059\u3002<\/p>\n<p>WATERFALL Integrated 180\u306f\u53f3\u4e0a\u306eHypex\u793e UcD180\u3092\u63a1\u7528\u3057\u3066\u3044\u307e\u3059\u3002<\/p>\n<p><img loading=\"lazy\" decoding=\"async\" class=\"aligncenter\" src=\"http:\/\/ause-audio.com\/data\/blog\/FreqRes.png\" alt=\"\" width=\"700\" height=\"966\" \/><\/p>\n<h5>FAQ<\/h5>\n<p><strong>Q\u3000DSD\u306b\u306f\u5bfe\u5fdc\u3057\u3066\u3044\u307e\u3059\u304b<\/strong><br \/>\nA\u3000\u5bfe\u5fdc\u3057\u3066\u3044\u307e\u305b\u3093\u3002<\/p>\n<p><strong>Q\u3000\u30d5\u30a9\u30ce\u5165\u529b\u306b\u306f\u5bfe\u5fdc\u3057\u3066\u3044\u307e\u3059\u304b<\/strong><br \/>\nA\u3000\u30c7\u30b8\u30bf\u30eb\u306b\u91cd\u70b9\u3092\u7f6e\u3044\u305f\u8a2d\u8a08\u306e\u305f\u3081\u30d5\u30a9\u30ce\u5165\u529b\u306f\u642d\u8f09\u3057\u3066\u304a\u308a\u307e\u305b\u3093\u3002<\/p>\n<p><strong>Q\u3000\u30dc\u30ea\u30e5\u30fc\u30e0\u8abf\u6574\u306e\u65b9\u5f0f\u306f\u3069\u3046\u306a\u3063\u3066\u3044\u307e\u3059\u304b<\/strong><br \/>\nA\u3000\u30a2\u30ca\u30ed\u30b0\u30dc\u30ea\u30e5\u30fc\u30e0\u306e\u63a1\u7528\u3092\u7b2c\u4e00\u306b\u691c\u8a0e\u3057\u307e\u3057\u305f\u304c\u3001\u9ad8\u7d1a\u96fb\u5b50\u30dc\u30ea\u30e5\u30fc\u30e0\u3068\u306e\u6bd4\u8f03\u3067\u3042\u3063\u3066\u3082\u30c7\u30b8\u30bf\u30eb\u65b9\u5f0f\u306e\u30dc\u30ea\u30e5\u30fc\u30e0\u304c\u97f3\u8cea\u7684\u306b\u512a\u4f4d\u3060\u3063\u305f\u305f\u3081\u3001\u62b5\u6297\u5f0f\u306e\u30dc\u30ea\u30e5\u30fc\u30e0\u306e\u63a1\u7528\u3092\u898b\u9001\u308a\u307e\u3057\u305f\u3002\u3057\u305f\u304c\u3063\u3066\u672c\u6a5f\u306e\u30dc\u30ea\u30e5\u30fc\u30e0\u306f\u30c7\u30b8\u30bf\u30eb\u65b9\u5f0f\u3068\u306a\u308a\u307e\u3059\u3002\u305f\u3060\u3057\u672c\u6a5f\u3067\u306f\u5b9f\u7528\u7684\u306a\u30dc\u30ea\u30e5\u30fc\u30e0\u4f4d\u7f6e\u306f\u901a\u5e38\u3088\u308a\u9ad8\u3081\u306b\u8a2d\u5b9a\u3055\u308c\u3066\u3044\u307e\u3059\u305f\u3081\u3001\u30c7\u30b8\u30bf\u30eb\u30dc\u30ea\u30e5\u30fc\u30e0\u306e\u6b20\u70b9\u3067\u3042\u308b\u30d3\u30c3\u30c8\u6b20\u3051\u306f\u6700\u5927\u9650\u306b\u62bc\u3055\u3048\u308b\u8a2d\u8a08\u306b\u306a\u3063\u3066\u3044\u307e\u3059\u3002<\/p>\n<p><strong>Q\u3000DAC\u306eIC\u30c1\u30c3\u30d7\u306b\u306f\u4f55\u3092\u4f7f\u3063\u3066\u3044\u307e\u3059\u304b<\/strong><br \/>\nA\u3000IC\u30c1\u30c3\u30d7\u306b\u3088\u3063\u3066\u97f3\u306e\u50be\u5411\u306e\u9055\u3044\u306f\u305f\u3057\u304b\u306b\u3042\u308a\u307e\u3059\u3002\u3057\u304b\u3057\u6700\u7d42\u7684\u306a\u97f3\u8cea\u3092\u5de6\u53f3\u3059\u308b\u306e\u306fIC\u30c1\u30c3\u30d7\u3088\u308a\u3082\u30a2\u30ca\u30ed\u30b0\u8a2d\u8a08\u304c\u306f\u308b\u304b\u306b\u91cd\u8981\u3067\u3042\u308b\u3068\u9022\u702c\u306f\u8003\u3048\u3066\u3044\u307e\u3059\u3002\u672c\u6a5f\u306e\u97f3\u8cea\u6539\u826f\u306e90\uff05\u4ee5\u4e0a\u306f\u30a2\u30ca\u30ed\u30b0\u9818\u57df\u306b\u3088\u3063\u3066\u9054\u6210\u3055\u308c\u305f\u3068\u3044\u3063\u3066\u3082\u904e\u8a00\u3067\u306f\u3042\u308a\u307e\u305b\u3093\u3002IC\u306e\u54c1\u7a2e\u304c\u4f55\u3067\u3042\u308b\u304b\u3088\u308a\u5148\u306b\u662f\u975e\u5b9f\u969b\u306e\u51fa\u97f3\u3092\u805e\u3044\u3066\u3044\u305f\u3060\u304d\u305f\u3044\u3068\u601d\u3063\u3066\u304a\u308a\u307e\u3059\u3002<\/p>\n<p><strong>Q\u3000\u96fb\u6e90\u306f\u3069\u306e\u3088\u3046\u306a\u65b9\u5f0f\u3067\u3059\u304b<\/strong><br \/>\nA\u3000\u7dcf\u5408\u3067200W\u3092\u8d85\u3048\u308b\u30a2\u30f3\u30d7\u51fa\u529b\u306b\u5bfe\u5fdc\u3059\u308b\u305f\u3081\u30b9\u30a4\u30c3\u30c1\u30f3\u30b0\u96fb\u6e90\u3092\u63a1\u7528\u3057\u3066\u3044\u307e\u3059\u3002\u3057\u304b\u3057\u591a\u6bb5\u306e\u30d5\u30a3\u30eb\u30bf\u3068\u30ec\u30ae\u30e5\u30ec\u30fc\u30bf\u3092\u4f7f\u7528\u3057\u97f3\u8cea\u306b\u5f71\u97ff\u3092\u4e0e\u3048\u308b\u7b87\u6240\u306f\u91cd\u70b9\u7684\u306b\u5bfe\u7b56\u3092\u3057\u3066\u3044\u307e\u3059\u3002\u30b9\u30a4\u30c3\u30c1\u30f3\u30b0\u96fb\u6e90\u3067\u3042\u3063\u3066\u3082\u97f3\u8cea\u306b\u306f\u5341\u5206\u914d\u616e\u3057\u305f\u69cb\u6210\u3068\u3057\u3066\u3044\u307e\u3059\u3002<\/p>\n","protected":false},"excerpt":{"rendered":"<p>\u9022\u702c\u306e\u65b0\u4e3b\u529b\u30e2\u30c7\u30eb\u3001WATERFALL Integrated 180\u3002\u30c7\u30b8\u30bf\u30eb\u30d7\u30ea\u30e1\u30a4\u30f3\u30a2\u30f3\u30d7 \/ \u30e1\u30a4\u30f3\u30b9\u30c8\u30ea\u30fc\u30e0\u30e2\u30c7\u30eb\u3002<br \/>\n2014\u5e7412\u67081\u65e5\u767a\u58f2<\/p>\n","protected":false},"author":1,"featured_media":494,"parent":23,"menu_order":130,"comment_status":"closed","ping_status":"closed","template":"_g2\/page-onecolumn.php","meta":{"vkexunit_cta_each_option":"","footnotes":""},"class_list":["post-574","page","type-page","status-publish","has-post-thumbnail","hentry"],"_links":{"self":[{"href":"https:\/\/ause-audio.com\/index.php?rest_route=\/wp\/v2\/pages\/574","targetHints":{"allow":["GET"]}}],"collection":[{"href":"https:\/\/ause-audio.com\/index.php?rest_route=\/wp\/v2\/pages"}],"about":[{"href":"https:\/\/ause-audio.com\/index.php?rest_route=\/wp\/v2\/types\/page"}],"author":[{"embeddable":true,"href":"https:\/\/ause-audio.com\/index.php?rest_route=\/wp\/v2\/users\/1"}],"replies":[{"embeddable":true,"href":"https:\/\/ause-audio.com\/index.php?rest_route=%2Fwp%2Fv2%2Fcomments&post=574"}],"version-history":[{"count":10,"href":"https:\/\/ause-audio.com\/index.php?rest_route=\/wp\/v2\/pages\/574\/revisions"}],"predecessor-version":[{"id":1271,"href":"https:\/\/ause-audio.com\/index.php?rest_route=\/wp\/v2\/pages\/574\/revisions\/1271"}],"up":[{"embeddable":true,"href":"https:\/\/ause-audio.com\/index.php?rest_route=\/wp\/v2\/pages\/23"}],"wp:featuredmedia":[{"embeddable":true,"href":"https:\/\/ause-audio.com\/index.php?rest_route=\/wp\/v2\/media\/494"}],"wp:attachment":[{"href":"https:\/\/ause-audio.com\/index.php?rest_route=%2Fwp%2Fv2%2Fmedia&parent=574"}],"curies":[{"name":"wp","href":"https:\/\/api.w.org\/{rel}","templated":true}]}}